{"id":7,"date":"2011-11-06T16:55:32","date_gmt":"2011-11-06T16:55:32","guid":{"rendered":"http:\/\/drasuzyrabello.com.br\/?page_id=7"},"modified":"2011-11-06T16:55:32","modified_gmt":"2011-11-06T16:55:32","slug":"a-dermatologia","status":"publish","type":"page","link":"https:\/\/drasuzyrabello.com.br\/index.php\/a-dermatologia\/","title":{"rendered":"A dermatologia"},"content":{"rendered":"<p><strong>Por Dra. Suzy Rabelo<\/strong><\/p>\n<p>Falar sobre doen\u00e7as dermatol\u00f3gicas, em geral, \u00e9 algo bem complicado. No imagin\u00e1rio popular, as doen\u00e7as de pele se resumem a uma espinha ou uma \u201cimpinge\u201d. Mas n\u00e3o \u00e9 bem assim. As doen\u00e7as t\u00eam suas peculiaridades e precisam da avalia\u00e7\u00e3o de um profissional que possa realizar o diagn\u00f3stico adequado e o tratamento.<\/p>\n<p>O universo da aten\u00e7\u00e3o da dermatologia recai sobre a pele, as unhas, os cabelos e as mucosas, portanto,\u00a0 qualquer altera\u00e7\u00e3o que afete essas estruturas \u00e9 de interesse dessa especialidade. Na pr\u00e1tica di\u00e1ria do dermatologista, h\u00e1 quadros mais habituais, como acne (espinhas) \u2013 que, sabemos,\u00a0 n\u00e3o afeta apenas os adolescentes -, as micoses de pele e unhas, as manchas de pele do rosto &#8211; por sensibilidade \u00e0 luz solar, os c\u00e2nceres de pele etc.. Manchas no corpo, feridas que n\u00e3o cicatrizam, pintas que se modificam, podem ser sinais precoces de c\u00e2ncer de pele. Assim, a recomenda\u00e7\u00e3o mais importante \u00e9 que o paciente esteja sempre atento aos sinais e n\u00e3o se descuide!<\/p>\n<p>\u00c9 importante destacar ainda as altera\u00e7\u00f5es ocorridas nas unhas, no que diz respeito \u00e0 colora\u00e7\u00e3o e \u00e0 espessura, que podem significar micose. No entanto, isso n\u00e3o \u00e9 uma regra. Doen\u00e7as como psor\u00edase, por exemplo, podem causar altera\u00e7\u00f5es que se assemelham \u00e0s micoses, imitando-as. Portanto, valorize modifica\u00e7\u00f5es que ocorrem na sua pele, unhas ou cabelos. Doen\u00e7as internas podem se manifestar com altera\u00e7\u00f5es da pele e de seus anexos (unhas e cabelos), como nos casos de anemia severa, em que os cabelos chegam a ficar sem brilho, quebradi\u00e7os, bem como as unhas podem ter altera\u00e7\u00e3o de sua forma, rigidez e brilho.<\/p>\n<p>Hoje, temos crescente acesso \u00e0 informa\u00e7\u00e3o, principalmente com a velocidade dos dados digitais. Mas nem sempre \u00e9 poss\u00edvel separar o que \u00e9 digno de ser respeitado &#8211; e considerado fonte verdadeira &#8211; do que \u00e9 inven\u00e7\u00e3o ou especula\u00e7\u00e3o pura e simples. \u00c9 preciso, cada vez mais, que a informa\u00e7\u00e3o seja respaldada em material s\u00e9rio e pertinente. Assim, este site se prop\u00f5e a prestar esse servi\u00e7o a voc\u00ea. Obrigada por visit\u00e1-lo.<\/p>\n","protected":false},"excerpt":{"rendered":"<p>Por Dra. Suzy Rabelo Falar sobre doen\u00e7as dermatol\u00f3gicas, em geral, \u00e9 algo bem complicado. No imagin\u00e1rio popular, as doen\u00e7as de pele se resumem a uma espinha<span class=\"excerpt-hellip\"> [\u2026]<\/span><\/p>\n","protected":false},"author":1,"featured_media":0,"parent":0,"menu_order":0,"comment_status":"open","ping_status":"open","template":"","meta":[],"_links":{"self":[{"href":"https:\/\/drasuzyrabello.com.br\/index.php\/wp-json\/wp\/v2\/pages\/7"}],"collection":[{"href":"https:\/\/drasuzyrabello.com.br\/index.php\/wp-json\/wp\/v2\/pages"}],"about":[{"href":"https:\/\/drasuzyrabello.com.br\/index.php\/wp-json\/wp\/v2\/types\/page"}],"author":[{"embeddable":true,"href":"https:\/\/drasuzyrabello.com.br\/index.php\/wp-json\/wp\/v2\/users\/1"}],"replies":[{"embeddable":true,"href":"https:\/\/drasuzyrabello.com.br\/index.php\/wp-json\/wp\/v2\/comments?post=7"}],"version-history":[{"count":0,"href":"https:\/\/drasuzyrabello.com.br\/index.php\/wp-json\/wp\/v2\/pages\/7\/revisions"}],"wp:attachment":[{"href":"https:\/\/drasuzyrabello.com.br\/index.php\/wp-json\/wp\/v2\/media?parent=7"}],"curies":[{"name":"wp","href":"https:\/\/api.w.org\/{rel}","templated":true}]}}