{"id":321,"date":"2011-11-04T19:59:58","date_gmt":"2011-11-04T19:59:58","guid":{"rendered":"http:\/\/drasuzyrabello.com.br\/?page_id=2"},"modified":"2011-11-04T19:59:58","modified_gmt":"2011-11-04T19:59:58","slug":"dra-suzy-rabello","status":"publish","type":"page","link":"https:\/\/drasuzyrabello.com.br\/index.php\/dra-suzy-rabello\/","title":{"rendered":"Dra. Suzy Rabello"},"content":{"rendered":"<p><strong>Perfil<\/strong><\/p>\n<p><img loading=\"lazy\" class=\"size-full wp-image-4 alignright\" title=\"retrato\" src=\"http:\/\/www.drasuzyrabello.com.br\/wp-content\/uploads\/retrato.jpg\" alt=\"\" width=\"210\" height=\"240\" \/>Suzy M. Rabello Ferrer \u00e9 m\u00e9dica dermatologista com forma\u00e7\u00e3o pela <em>Faculdade de Medicina da USP<\/em> e resid\u00eancia m\u00e9dica no <em>Hospital das Cl\u00ednicas de S\u00e3o Paulo &#8211; HC-FMUSP<\/em> &#8211; em Dermatologia. Especializada em tratamentos voltados para as \u00e1reas cl\u00ednica, cir\u00fargica e est\u00e9tica, seu <em>know-how<\/em> inclui passagem, em 2002,\u00a0 pelo departamento de dermatologia da <em>University of North Carolina (UNC)<\/em>, nos Estados Unidos, considerada uma das melhores universidades do mundo. Nesse per\u00edodo, aprimorou seus conhecimentos em cirurgia dermatol\u00f3gica, bem como em dermapatologia, al\u00e9m de aprofundar suas atividades nos ambulat\u00f3rios voltados para pesquisa em tumores de pele, doen\u00e7as bolhosas, entre outras especialidades.<\/p>\n<p>Desde 2004, atua como m\u00e9dica dermatologista no <em>Hospital Bandeirantes<\/em>, em S\u00e3o Paulo, capital, al\u00e9m de atender \u00e0 popula\u00e7\u00e3o em dois consult\u00f3rios particulares: dentro da capital paulista e tamb\u00e9m na Grande S\u00e3o Paulo, na cidade de Carapicu\u00edba. Com pacientes entre 20 e 50 anos de idade,\u00a0 a m\u00e9dica cuida tamb\u00e9m da pele, mucosa, cabelos e unhas de crian\u00e7as e idosos, fazendo diagn\u00f3sticos e tratamentos.<\/p>\n<p>Adepta de um atendimento cl\u00ednico mais aprofundado, que leva em considera\u00e7\u00e3o fatores sociais e emocionais no desencadeamento de um quadro, dra. Suzy Rabello possui ainda uma comunica\u00e7\u00e3o simplificada com o paciente, que facilita seu entendimento durante a consulta. \u201cSempre busco chegar, o mais pr\u00f3ximo poss\u00edvel, \u00e0 linguagem do paciente. De modo geral, explico quais s\u00e3o as hip\u00f3teses, se h\u00e1 mais de uma, para a solu\u00e7\u00e3o do problema e as terap\u00eauticas empregadas em todo o processo\u201d, afirma. \u201cAo longo de todos os anos, acumulei boa experi\u00eancia profissional, e a rela\u00e7\u00e3o m\u00e9dico\u2013paciente costuma ter um enfoque muito importante no tratamento com meus pacientes\u201d, revela. Em resposta, muitos a acompanham por quase uma d\u00e9cada.<\/p>\n<p><strong>Atendimentos realizados pela especialista em seus dois consult\u00f3rios:<\/strong><\/p>\n<ul>\n<li>Cl\u00ednica: diagn\u00f3sticos e tratamentos a doen\u00e7as habituais, como micoses de unhas e de pele, doen\u00e7as de cabelo <em>etc.;<\/em><\/li>\n<li>Cir\u00fargica: cirurgias convencionais e a <em>laser (<\/em>remo\u00e7\u00f5es de pintas e de tumores de pele, unhas encravadas, remo\u00e7\u00e3o de cistos seb\u00e1ceos <em>etc.<\/em>;<\/li>\n<li>Est\u00e9tica: corre\u00e7\u00e3o ou preven\u00e7\u00e3o de linhas de express\u00e3o, corre\u00e7\u00e3o de sulcos <em>etc.<\/em> com base em \u00a0t\u00e9cnicas de preenchimento com \u00e1cido hialur\u00f4nico, aplica\u00e7\u00e3o de toxina botul\u00ednica, entre outras<em>.\u00a0<\/em><\/li>\n<\/ul>\n<div><em><br \/>\n<\/em><\/div>\n","protected":false},"excerpt":{"rendered":"<p>Perfil Suzy M. Rabello Ferrer \u00e9 m\u00e9dica dermatologista com forma\u00e7\u00e3o pela Faculdade de Medicina da USP e resid\u00eancia m\u00e9dica no Hospital das Cl\u00ednicas de S\u00e3o Paulo<span class=\"excerpt-hellip\"> [\u2026]<\/span><\/p>\n","protected":false},"author":1,"featured_media":4,"parent":0,"menu_order":0,"comment_status":"open","ping_status":"open","template":"","meta":[],"_links":{"self":[{"href":"https:\/\/drasuzyrabello.com.br\/index.php\/wp-json\/wp\/v2\/pages\/321"}],"collection":[{"href":"https:\/\/drasuzyrabello.com.br\/index.php\/wp-json\/wp\/v2\/pages"}],"about":[{"href":"https:\/\/drasuzyrabello.com.br\/index.php\/wp-json\/wp\/v2\/types\/page"}],"author":[{"embeddable":true,"href":"https:\/\/drasuzyrabello.com.br\/index.php\/wp-json\/wp\/v2\/users\/1"}],"replies":[{"embeddable":true,"href":"https:\/\/drasuzyrabello.com.br\/index.php\/wp-json\/wp\/v2\/comments?post=321"}],"version-history":[{"count":1,"href":"https:\/\/drasuzyrabello.com.br\/index.php\/wp-json\/wp\/v2\/pages\/321\/revisions"}],"predecessor-version":[{"id":323,"href":"https:\/\/drasuzyrabello.com.br\/index.php\/wp-json\/wp\/v2\/pages\/321\/revisions\/323"}],"wp:featuredmedia":[{"embeddable":true,"href":"https:\/\/drasuzyrabello.com.br\/index.php\/wp-json\/"}],"wp:attachment":[{"href":"https:\/\/drasuzyrabello.com.br\/index.php\/wp-json\/wp\/v2\/media?parent=321"}],"curies":[{"name":"wp","href":"https:\/\/api.w.org\/{rel}","templated":true}]}}